{"id":2953,"date":"2019-03-04T13:18:35","date_gmt":"2019-03-04T12:18:35","guid":{"rendered":"https:\/\/www.weelzicht.nl\/omgeving\/"},"modified":"2019-03-28T10:53:27","modified_gmt":"2019-03-28T09:53:27","slug":"umgebung","status":"publish","type":"page","link":"https:\/\/www.weelzicht.nl\/de\/umgebung\/","title":{"rendered":"Umgebung"},"content":{"rendered":"<div class=\"wpb-content-wrapper\"><p>[vc_row full_width=&#8220;stretch_row_content&#8220; css=&#8220;.vc_custom_1552398222240{background-image: url(https:\/\/www.weelzicht.nl\/wp-content\/uploads\/2019\/03\/Groene-oase-in-de-Zeeuwse-polder.jpg?id=2872) !important;background-position: center !important;background-repeat: no-repeat !important;background-size: cover !important;}&#8220; el_class=&#8220;featured-thumbnail-header post&#8220;][vc_column][\/vc_column][\/vc_row][vc_row css=&#8220;.vc_custom_1551880915074{margin-top: -130px !important;padding-top: 0px !important;padding-bottom: 0px !important;}&#8220; el_class=&#8220;single-post-header container wider post blogLayoutHeader&#8220;][vc_column]<h2 class=\"ozy-divider-cap-center wpb_content_element \" >Gr\u00fcne Oase im Polder von Zeeland<\/h2><div class=\"ozy-content-divider sh2 \" style=\"border-top-style:solid;border-top-width:1px;border-top-color:#d79944!important;width:60px;max-width:60px;margin:20px auto;\"><\/div>[vc_column_text]Weite Natur, vielseitige Kultur und belebende Freiluftaktivit\u00e4ten: Schouwen-Duiveland bietet alles. Die Gegend Schuddebeurs befindet sich an zentraler Stelle auf der Insel &#8211; in bequemem Abstand zu vielen tollen Aktivit\u00e4ten. Buitenplaats Weelzicht: Der Ort, um sich vollkommen zu entspannen.[\/vc_column_text][\/vc_column][\/vc_row][vc_row el_class=&#8220;single-post-header container wider post blogLayoutContent&#8220;][vc_column]<h3 class=\"ozy-divider-cap-center wpb_content_element \" >Endlos in der Natur wandern oder Radfahren<\/h3><div class=\"ozy-content-divider sh3 \" style=\"border-top-style:solid;border-top-width:1px;border-top-color:#d79944!important;width:60px;max-width:60px;margin:20px auto;\"><\/div>[vc_column_text]Die schattenreiche Gegend Schuddebeurs ist an sich schon ein attraktives Urlaubsziel. Aber dann gibt es auch die wie weiten Polderfl\u00e4chen, die Weelzicht umringen. Hier wachsen einzigartige Pflanzen und es leben Dutzende besonderer V\u00f6gel und Tiere in dieser Gegend. Au\u00dferdem befindet sich Buitenplaats Weelzicht direkt an einem offiziellen Radweg, der zu Radwegen f\u00fchrt, die sich \u00fcber Hunderte von Kilometern \u00fcber die gesamte Insel erstrecken. Nur einen Steinwurf von Ihrer Wohnung entfernt befindet sich ein Fahrradverleih.[\/vc_column_text][vc_single_image image=&#8220;2149&#8243; img_size=&#8220;full&#8220; alignment=&#8220;center&#8220;][vc_column_text]<\/p>\n<blockquote>\n<p style=\"text-align: left;\">Lauschen Sie gemeinsam mit Ihrem Partner der Stille des Morgens. Entspannen Sie sich in Ihrer Wohnung auf dem gem\u00fctlichen Sofa oder unternehmen Sie mit Ihren Freunden eine wunderbare Fahrradtour. Wenn Sie zur\u00fcckkommen, schmecken Sie Salz auf Ihren Lippen.<\/p>\n<\/blockquote>\n<p>[\/vc_column_text][\/vc_column][\/vc_row][vc_row el_class=&#8220;single-post-header container wider post blogLayoutContent&#8220;][vc_column]<h3 class=\"ozy-divider-cap-center wpb_content_element \" >Geschichte und Kultur in den St\u00e4dten in Zeeland<\/h3><div class=\"ozy-content-divider sh3 \" style=\"border-top-style:solid;border-top-width:1px;border-top-color:#d79944!important;width:60px;max-width:60px;margin:20px auto;\"><\/div>[vc_column_text]Das Hafenst\u00e4dtchen Zierikzee liegt nur einige Autominuten von Buitenplaats Weelzicht entfernt. Auch Orte wie das historische Veere oder das majest\u00e4tische Middelburg sind schnell mit dem Auto zu erreichen. Nehmen Sie auf einer der vielen Terrassen am Hafen Platz, genie\u00dfen Sie die <em>lokale K\u00fcche<\/em> und schlendern Sie durch die historischen Stra\u00dfen voll monumentaler Geb\u00e4ude.[\/vc_column_text]<div id=\"oyoutubeembed-1\"><div class=\"oytb-videoWrapper oytb-videoWrapper169 oytb-js-videoWrapper \">\r\n    <iframe class=\"oytb-videoIframe oytb-js-videoIframe\" src=\"\" frameborder=\"0\" allowTransparency=\"true\" allowfullscreen data-src=\"https:\/\/www.youtube.com\/embed\/b2qDCMLsYVI?autoplay=1& modestbranding=1&rel=0&hl=sv\"><\/iframe>\r\n    <button class=\"oytb-videoPoster oytb-js-videoPoster\" style=\"background-image:url(https:\/\/www.weelzicht.nl\/wp-content\/uploads\/2019\/03\/home.jpg);\"><img decoding=\"async\" src=\"https:\/\/www.weelzicht.nl\/wp-content\/plugins\/ozy-sunway-essentials\/images\/play_button.svg#play\" class=\"svg\" alt=\"\"\/><\/button>\r\n  <\/div><button class=\"oytb-video-StopButton generic-button\" title=\"close video\">X<\/button><\/div>[\/vc_column][\/vc_row][vc_row hue=&#8220;#ff0000&#8243; el_class=&#8220;single-post-header container wider post blogLayoutContent&#8220;][vc_column]<h3 class=\"ozy-divider-cap-center wpb_content_element \" >Museen in Zeeland<\/h3><div class=\"ozy-content-divider sh3 \" style=\"border-top-style:solid;border-top-width:1px;border-top-color:#d79944!important;width:60px;max-width:60px;margin:20px auto;\"><\/div>[vc_column_text]M\u00f6chten Sie mehr \u00fcber Ihren Urlaubsort herausfinden? Besuchen Sie dann ein Museum. Denn Zeeland hat eine bewegte Geschichte: Es gibt sogar acht Museen, die gemeinsam die Schatzkammer der Insel Schouwen-Duiveland bilden. Besuchen Sie das beeindruckende Watersnoodmuseum in Ouwerkerk oder schauen Sie sich das Heimatmuseum Goemanszorg im nahegelegenen Dreischor an. Jedes Museum erz\u00e4hlt seine eigene Geschichte.[\/vc_column_text][\/vc_column][\/vc_row][vc_row el_class=&#8220;single-post-header container wider post blogLayoutContent&#8220;][vc_column]<h3 class=\"ozy-divider-cap-center wpb_content_element \" >Aktiv an der frischen Luft<\/h3><div class=\"ozy-content-divider sh3 \" style=\"border-top-style:solid;border-top-width:1px;border-top-color:#d79944!important;width:60px;max-width:60px;margin:20px auto;\"><\/div>[vc_column_text]Die ber\u00fchmten Str\u00e4nde Zeelands sind verlockend &#8211; genau wie die Austern und Muscheln, die Sie am Ufer der Oosterschelde sammeln k\u00f6nnen. In den Grevelingen oder in der Oosterschelde kann man das Unterwasserleben bei fantastischen Tauchg\u00e4ngen bewundern. Bleiben Sie lieber auf dem Wasser? Es gibt zahlreiche Surf- und Segelschulen, wo Sie Ger\u00e4te leihen oder Unterricht nehmen k\u00f6nnen. Entspannen Sie sich vollst\u00e4ndig bei einer Runde Golf auf einem der pr\u00e4chtigen Golfpl\u00e4tze der Insel.[\/vc_column_text]<div class=\"carousel single wpb_content_element pagedots-true flickity-carousel  item-count-1\" data-flickity='{ \"adaptiveHeight\": false, \"pageDots\": true, \"prevNextButtons\": true, \"groupCells\": false, \"contain\" : true, \"cellAlign\": \"left\", \"imagesLoaded\": true, \"setGallerySize\": true, \"autoPlay\": true }'>\n<div class=\"ozy-caroseul_item carousel-cell \" style=\"background:url(https:\/\/www.weelzicht.nl\/wp-content\/uploads\/2019\/03\/Golfen.jpg);\">\n<a><img decoding=\"async\" src=\"https:\/\/www.weelzicht.nl\/wp-content\/uploads\/2019\/03\/Golfen.jpg\" alt=\"18 L\u00f6cher um die Ecke\"><strong class=\"single\">18 L\u00f6cher um die Ecke<\/strong><\/a><\/div>\n<div class=\"ozy-caroseul_item carousel-cell \" style=\"background:url(https:\/\/www.weelzicht.nl\/wp-content\/uploads\/2019\/03\/Bezoek-Pittoresk-Zierikzee.jpg);\">\n<a><img decoding=\"async\" src=\"https:\/\/www.weelzicht.nl\/wp-content\/uploads\/2019\/03\/Bezoek-Pittoresk-Zierikzee.jpg\" alt=\"Malerisches Zierikzee\"><strong class=\"single\">Malerisches Zierikzee<\/strong><\/a><\/div>\n<div class=\"ozy-caroseul_item carousel-cell \" style=\"background:url(https:\/\/www.weelzicht.nl\/wp-content\/uploads\/2019\/03\/Oesters-plukken.jpg);\">\n<a><img decoding=\"async\" src=\"https:\/\/www.weelzicht.nl\/wp-content\/uploads\/2019\/03\/Oesters-plukken.jpg\" alt=\"Kommen Sie zum Austern sammeln\"><strong class=\"single\">Kommen Sie zum Austern sammeln<\/strong><\/a><\/div><\/div>[vc_column_text css=&#8220;.vc_custom_1552486967201{padding-top: 30px !important;}&#8220;]<\/p>\n<blockquote>\n<p style=\"text-align: left;\"><strong>Das Entstehen der gro\u00dfen Wehle<\/strong><\/p>\n<p style=\"text-align: left;\">Im Jahr 1530 brach die Sankt-Felix-Flut \u00fcber die K\u00fcste von Zeeland herein. Gro\u00dfe Teile von Flandern und Zeeland wurden vollst\u00e4ndig weggesp\u00fclt. Der Zuiddijk brach an zwei Stellen in der N\u00e4he des Dorfes Schuddebeurs. An beiden Stellen bleiben tiefe Kolke zur\u00fcck: Die gro\u00dfe Wehle am Landsitz ist eine der beiden \u00dcberreste davon.<\/p>\n<\/blockquote>\n<p>[\/vc_column_text][\/vc_column][\/vc_row][vc_row full_width=&#8220;stretch_row_content&#8220; hue=&#8220;#ff0000&#8243; css=&#8220;.vc_custom_1552400663156{margin-top: 0px !important;margin-bottom: 0px !important;padding-top: 80px !important;padding-bottom: 40px !important;background-image: url(https:\/\/www.weelzicht.nl\/wp-content\/uploads\/2019\/03\/Uitwaaien-op-het-strand.jpg?id=2301) !important;background-position: center !important;background-repeat: no-repeat !important;background-size: cover !important;}&#8220; el_class=&#8220;duneHover&#8220;][vc_column width=&#8220;1\/4&#8243;][\/vc_column][vc_column width=&#8220;1\/2&#8243;]<h2 class=\"ozy-divider-cap-center wpb_content_element \"  style=\"color:#ffffff\" >Entspannen<\/h2><div class=\"ozy-content-divider sh2 \" style=\"border-top-style:solid;border-top-width:1px;border-top-color:#d79944!important;width:60px;max-width:60px;margin:20px auto;\"><\/div>[vc_column_text]<\/p>\n<p style=\"text-align: center;\"><span style=\"color: #ffffff;\">Vergessen Sie die Hektik des Alltags. Entspannen Sie sich bei einer herrlichen Massage oder einer Mindfulness-Sitzung auf dem Gel\u00e4nde des Landsitzes.<\/span><\/p>\n<p>[\/vc_column_text]<span  id=\"wofcb-2\" class=\"ozy-custom_button_w\"><a id=\"ofcb-2\" style=\"--data-bordercolor:#ffffff\" class=\"ozy-custom_button ocbtn-0\"  href=\"\/de\/entspannen\/\"  target=\"_self\" >Herrlich entspannen<\/a><\/span>[\/vc_column][vc_column width=&#8220;1\/4&#8243;][\/vc_column][\/vc_row]<\/p>\n<\/div>","protected":false},"excerpt":{"rendered":"<p>[vc_row full_width=&#8220;stretch_row_content&#8220; css=&#8220;.vc_custom_1552398222240{background-image: url(https:\/\/www.weelzicht.nl\/wp-content\/uploads\/2019\/03\/Groene-oase-in-de-Zeeuwse-polder.jpg?id=2872) !important;background-position: center !important;background-repeat: no-repeat !important;background-size: cover !important;}&#8220; el_class=&#8220;featured-thumbnail-header post&#8220;][vc_column][\/vc_column][\/vc_row][vc_row css=&#8220;.vc_custom_1551880915074{margin-top: -130px !important;padding-top: 0px !important;padding-bottom: 0px !important;}&#8220; el_class=&#8220;single-post-header container wider post blogLayoutHeader&#8220;][vc_column][vc_column_text]Weite Natur, vielseitige Kultur und belebende [&hellip;]<\/p>\n","protected":false},"author":1,"featured_media":0,"parent":0,"menu_order":0,"comment_status":"closed","ping_status":"closed","template":"","meta":{"_exactmetrics_skip_tracking":false,"_exactmetrics_sitenote_active":false,"_exactmetrics_sitenote_note":"","_exactmetrics_sitenote_category":0,"footnotes":""},"class_list":["post-2953","page","type-page","status-publish","hentry",null],"yoast_head":"<!-- This site is optimized with the Yoast SEO plugin v27.4 - https:\/\/yoast.com\/product\/yoast-seo-wordpress\/ -->\n<title>Umgebung - Buitenplaats Weelzicht<\/title>\n<meta name=\"description\" content=\"Weite Natur, vielseitige Kultur und belebende Freiluftaktivit\u00e4ten: Schouwen-Duiveland bietet alles. Buitenplaats Weelzicht: Der Ort, um sich zu entspannen.\" \/>\n<meta name=\"robots\" content=\"index, follow, max-snippet:-1, max-image-preview:large, max-video-preview:-1\" \/>\n<link rel=\"canonical\" href=\"https:\/\/www.weelzicht.nl\/de\/umgebung\/\" \/>\n<meta property=\"og:locale\" content=\"de_DE\" \/>\n<meta property=\"og:type\" content=\"article\" \/>\n<meta property=\"og:title\" content=\"Umgebung - Buitenplaats Weelzicht\" \/>\n<meta property=\"og:description\" content=\"Weite Natur, vielseitige Kultur und belebende Freiluftaktivit\u00e4ten: Schouwen-Duiveland bietet alles. Buitenplaats Weelzicht: Der Ort, um sich zu entspannen.\" \/>\n<meta property=\"og:url\" content=\"https:\/\/www.weelzicht.nl\/de\/umgebung\/\" \/>\n<meta property=\"og:site_name\" content=\"Buitenplaats Weelzicht\" \/>\n<meta property=\"article:publisher\" content=\"https:\/\/www.facebook.com\/Buitenplaats-Weelzicht-2080761748807989\/\" \/>\n<meta property=\"article:modified_time\" content=\"2019-03-28T09:53:27+00:00\" \/>\n<meta name=\"twitter:card\" content=\"summary_large_image\" \/>\n<meta name=\"twitter:label1\" content=\"Gesch\u00e4tzte Lesezeit\" \/>\n\t<meta name=\"twitter:data1\" content=\"5\u00a0Minuten\" \/>\n<script type=\"application\/ld+json\" class=\"yoast-schema-graph\">{\"@context\":\"https:\\\/\\\/schema.org\",\"@graph\":[{\"@type\":\"WebPage\",\"@id\":\"https:\\\/\\\/www.weelzicht.nl\\\/de\\\/umgebung\\\/\",\"url\":\"https:\\\/\\\/www.weelzicht.nl\\\/de\\\/umgebung\\\/\",\"name\":\"Umgebung - Buitenplaats Weelzicht\",\"isPartOf\":{\"@id\":\"https:\\\/\\\/www.weelzicht.nl\\\/#website\"},\"datePublished\":\"2019-03-04T12:18:35+00:00\",\"dateModified\":\"2019-03-28T09:53:27+00:00\",\"description\":\"Weite Natur, vielseitige Kultur und belebende Freiluftaktivit\u00e4ten: Schouwen-Duiveland bietet alles. Buitenplaats Weelzicht: Der Ort, um sich zu entspannen.\",\"breadcrumb\":{\"@id\":\"https:\\\/\\\/www.weelzicht.nl\\\/de\\\/umgebung\\\/#breadcrumb\"},\"inLanguage\":\"de\",\"potentialAction\":[{\"@type\":\"ReadAction\",\"target\":[\"https:\\\/\\\/www.weelzicht.nl\\\/de\\\/umgebung\\\/\"]}]},{\"@type\":\"BreadcrumbList\",\"@id\":\"https:\\\/\\\/www.weelzicht.nl\\\/de\\\/umgebung\\\/#breadcrumb\",\"itemListElement\":[{\"@type\":\"ListItem\",\"position\":1,\"name\":\"Home\",\"item\":\"https:\\\/\\\/www.weelzicht.nl\\\/de\\\/\"},{\"@type\":\"ListItem\",\"position\":2,\"name\":\"Umgebung\"}]},{\"@type\":\"WebSite\",\"@id\":\"https:\\\/\\\/www.weelzicht.nl\\\/#website\",\"url\":\"https:\\\/\\\/www.weelzicht.nl\\\/\",\"name\":\"Buitenplaats Weelzicht\",\"description\":\"\",\"publisher\":{\"@id\":\"https:\\\/\\\/www.weelzicht.nl\\\/#organization\"},\"potentialAction\":[{\"@type\":\"SearchAction\",\"target\":{\"@type\":\"EntryPoint\",\"urlTemplate\":\"https:\\\/\\\/www.weelzicht.nl\\\/?s={search_term_string}\"},\"query-input\":{\"@type\":\"PropertyValueSpecification\",\"valueRequired\":true,\"valueName\":\"search_term_string\"}}],\"inLanguage\":\"de\"},{\"@type\":\"Organization\",\"@id\":\"https:\\\/\\\/www.weelzicht.nl\\\/#organization\",\"name\":\"Buitenplaats Weelzicht\",\"url\":\"https:\\\/\\\/www.weelzicht.nl\\\/\",\"logo\":{\"@type\":\"ImageObject\",\"inLanguage\":\"de\",\"@id\":\"https:\\\/\\\/www.weelzicht.nl\\\/#\\\/schema\\\/logo\\\/image\\\/\",\"url\":\"https:\\\/\\\/www.weelzicht.nl\\\/wp-content\\\/uploads\\\/2019\\\/03\\\/logo_header_retina.png\",\"contentUrl\":\"https:\\\/\\\/www.weelzicht.nl\\\/wp-content\\\/uploads\\\/2019\\\/03\\\/logo_header_retina.png\",\"width\":450,\"height\":166,\"caption\":\"Buitenplaats Weelzicht\"},\"image\":{\"@id\":\"https:\\\/\\\/www.weelzicht.nl\\\/#\\\/schema\\\/logo\\\/image\\\/\"},\"sameAs\":[\"https:\\\/\\\/www.facebook.com\\\/Buitenplaats-Weelzicht-2080761748807989\\\/\"]}]}<\/script>\n<!-- \/ Yoast SEO plugin. -->","yoast_head_json":{"title":"Umgebung - Buitenplaats Weelzicht","description":"Weite Natur, vielseitige Kultur und belebende Freiluftaktivit\u00e4ten: Schouwen-Duiveland bietet alles. Buitenplaats Weelzicht: Der Ort, um sich zu entspannen.","robots":{"index":"index","follow":"follow","max-snippet":"max-snippet:-1","max-image-preview":"max-image-preview:large","max-video-preview":"max-video-preview:-1"},"canonical":"https:\/\/www.weelzicht.nl\/de\/umgebung\/","og_locale":"de_DE","og_type":"article","og_title":"Umgebung - Buitenplaats Weelzicht","og_description":"Weite Natur, vielseitige Kultur und belebende Freiluftaktivit\u00e4ten: Schouwen-Duiveland bietet alles. Buitenplaats Weelzicht: Der Ort, um sich zu entspannen.","og_url":"https:\/\/www.weelzicht.nl\/de\/umgebung\/","og_site_name":"Buitenplaats Weelzicht","article_publisher":"https:\/\/www.facebook.com\/Buitenplaats-Weelzicht-2080761748807989\/","article_modified_time":"2019-03-28T09:53:27+00:00","twitter_card":"summary_large_image","twitter_misc":{"Gesch\u00e4tzte Lesezeit":"5\u00a0Minuten"},"schema":{"@context":"https:\/\/schema.org","@graph":[{"@type":"WebPage","@id":"https:\/\/www.weelzicht.nl\/de\/umgebung\/","url":"https:\/\/www.weelzicht.nl\/de\/umgebung\/","name":"Umgebung - Buitenplaats Weelzicht","isPartOf":{"@id":"https:\/\/www.weelzicht.nl\/#website"},"datePublished":"2019-03-04T12:18:35+00:00","dateModified":"2019-03-28T09:53:27+00:00","description":"Weite Natur, vielseitige Kultur und belebende Freiluftaktivit\u00e4ten: Schouwen-Duiveland bietet alles. Buitenplaats Weelzicht: Der Ort, um sich zu entspannen.","breadcrumb":{"@id":"https:\/\/www.weelzicht.nl\/de\/umgebung\/#breadcrumb"},"inLanguage":"de","potentialAction":[{"@type":"ReadAction","target":["https:\/\/www.weelzicht.nl\/de\/umgebung\/"]}]},{"@type":"BreadcrumbList","@id":"https:\/\/www.weelzicht.nl\/de\/umgebung\/#breadcrumb","itemListElement":[{"@type":"ListItem","position":1,"name":"Home","item":"https:\/\/www.weelzicht.nl\/de\/"},{"@type":"ListItem","position":2,"name":"Umgebung"}]},{"@type":"WebSite","@id":"https:\/\/www.weelzicht.nl\/#website","url":"https:\/\/www.weelzicht.nl\/","name":"Buitenplaats Weelzicht","description":"","publisher":{"@id":"https:\/\/www.weelzicht.nl\/#organization"},"potentialAction":[{"@type":"SearchAction","target":{"@type":"EntryPoint","urlTemplate":"https:\/\/www.weelzicht.nl\/?s={search_term_string}"},"query-input":{"@type":"PropertyValueSpecification","valueRequired":true,"valueName":"search_term_string"}}],"inLanguage":"de"},{"@type":"Organization","@id":"https:\/\/www.weelzicht.nl\/#organization","name":"Buitenplaats Weelzicht","url":"https:\/\/www.weelzicht.nl\/","logo":{"@type":"ImageObject","inLanguage":"de","@id":"https:\/\/www.weelzicht.nl\/#\/schema\/logo\/image\/","url":"https:\/\/www.weelzicht.nl\/wp-content\/uploads\/2019\/03\/logo_header_retina.png","contentUrl":"https:\/\/www.weelzicht.nl\/wp-content\/uploads\/2019\/03\/logo_header_retina.png","width":450,"height":166,"caption":"Buitenplaats Weelzicht"},"image":{"@id":"https:\/\/www.weelzicht.nl\/#\/schema\/logo\/image\/"},"sameAs":["https:\/\/www.facebook.com\/Buitenplaats-Weelzicht-2080761748807989\/"]}]}},"_links":{"self":[{"href":"https:\/\/www.weelzicht.nl\/de\/wp-json\/wp\/v2\/pages\/2953","targetHints":{"allow":["GET"]}}],"collection":[{"href":"https:\/\/www.weelzicht.nl\/de\/wp-json\/wp\/v2\/pages"}],"about":[{"href":"https:\/\/www.weelzicht.nl\/de\/wp-json\/wp\/v2\/types\/page"}],"author":[{"embeddable":true,"href":"https:\/\/www.weelzicht.nl\/de\/wp-json\/wp\/v2\/users\/1"}],"replies":[{"embeddable":true,"href":"https:\/\/www.weelzicht.nl\/de\/wp-json\/wp\/v2\/comments?post=2953"}],"version-history":[{"count":5,"href":"https:\/\/www.weelzicht.nl\/de\/wp-json\/wp\/v2\/pages\/2953\/revisions"}],"predecessor-version":[{"id":3113,"href":"https:\/\/www.weelzicht.nl\/de\/wp-json\/wp\/v2\/pages\/2953\/revisions\/3113"}],"wp:attachment":[{"href":"https:\/\/www.weelzicht.nl\/de\/wp-json\/wp\/v2\/media?parent=2953"}],"curies":[{"name":"wp","href":"https:\/\/api.w.org\/{rel}","templated":true}]}}