{"id":2955,"date":"2019-03-08T20:21:02","date_gmt":"2019-03-08T19:21:02","guid":{"rendered":"https:\/\/www.weelzicht.nl\/ontspannen\/"},"modified":"2019-04-01T10:09:10","modified_gmt":"2019-04-01T09:09:10","slug":"entspannen","status":"publish","type":"page","link":"https:\/\/www.weelzicht.nl\/de\/entspannen\/","title":{"rendered":"Entspannen"},"content":{"rendered":"<div class=\"wpb-content-wrapper\"><p>[vc_row full_width=&#8220;stretch_row_content&#8220; css=&#8220;.vc_custom_1552073236945{background-image: url(https:\/\/www.weelzicht.nl\/wp-content\/uploads\/2019\/03\/Heerlijk-ontspannen.jpg?id=2226) !important;background-position: center !important;background-repeat: no-repeat !important;background-size: cover !important;}&#8220; el_class=&#8220;featured-thumbnail-header post ontspanningHeader&#8220;][vc_column][\/vc_column][\/vc_row][vc_row css=&#8220;.vc_custom_1551880915074{margin-top: -130px !important;padding-top: 0px !important;padding-bottom: 0px !important;}&#8220; el_class=&#8220;single-post-header container wider post blogLayoutHeader&#8220;][vc_column]<h2 class=\"ozy-divider-cap-center wpb_content_element \" >Angenehm entspannen<\/h2><div class=\"ozy-content-divider sh2 \" style=\"border-top-style:solid;border-top-width:1px;border-top-color:#d79944!important;width:60px;max-width:60px;margin:20px auto;\"><\/div>[vc_column_text]<strong>Ein Urlaub im Buitenplaats Weelzicht ist erst mit einer herrlichen Massage wirklich komplett. Vergessen Sie die Hektik des Alltags. Auf dem Gel\u00e4nde des Landsitzes befindet sich die Physiotherapiepraxis der Besitzer von Buitenplaats Weelzicht.<\/strong><\/p>\n<p><strong>Preise<br \/>\n<\/strong>30 Minuten: 32 euro<br \/>\n45 Minuten: 47 euro<br \/>\n60 Minuten: 62 euro<\/p>\n<p>Zahlung per Pin oder bar.<\/p>\n<p><strong>Mehr Information<\/strong><br \/>\nFragen Sie bei Ihrer Reservierung oder w\u00e4hrend Ihres Aufenthalts im Buitenplaats Weelzicht nach den M\u00f6glichkeiten. Sie k\u00f6nnen auch unsere Website besuchen: <a href=\"https:\/\/www.behandelpunt.nl\" target=\"_blank\" rel=\"noopener noreferrer\">www.behandelpunt.nl<\/a>.[\/vc_column_text][\/vc_column][\/vc_row][vc_row full_width=&#8220;stretch_row_content&#8220; hue=&#8220;#ff0000&#8243; css=&#8220;.vc_custom_1552074470506{margin-top: 0px !important;margin-bottom: 0px !important;padding-top: 80px !important;padding-bottom: 40px !important;background-image: url(https:\/\/www.weelzicht.nl\/wp-content\/uploads\/2019\/03\/Op-vakantie.jpg?id=2280) !important;background-position: center !important;background-repeat: no-repeat !important;background-size: cover !important;}&#8220; el_class=&#8220;ontspanningHover&#8220;][vc_column width=&#8220;1\/4&#8243;][\/vc_column][vc_column width=&#8220;1\/2&#8243;]<h2 class=\"ozy-divider-cap-center wpb_content_element \"  style=\"color:#ffffff\" >Reservieren<\/h2><div class=\"ozy-content-divider sh2 \" style=\"border-top-style:solid;border-top-width:1px;border-top-color:#d79944!important;width:60px;max-width:60px;margin:20px auto;\"><\/div>[vc_column_text]<\/p>\n<p style=\"text-align: center;\"><span style=\"color: #ffffff;\">Kommen Sie in der waldreichen Gegend Schuddebeurs zur Ruhe. G\u00f6nnen Sie sich einen exklusiven Aufenthalt im Buitenplaats Weelzicht. Genie\u00dfen Sie die Stille des Morgens. Frische Luft schnappen, in der Polderlandschaft von Zeeland oder an den weiten Str\u00e4nden. <\/span><\/p>\n<p>[\/vc_column_text]<span  id=\"wofcb-1\" class=\"ozy-custom_button_w\"><a id=\"ofcb-1\" style=\"--data-bordercolor:#ffffff\" class=\"ozy-custom_button ocbtn-0\"  href=\"\/de\/online-reservieren\/\"  target=\"_self\" >Reservieren Sie jetzt Ihr Apartment<\/a><\/span>[\/vc_column][vc_column width=&#8220;1\/4&#8243;][\/vc_column][\/vc_row]<\/p>\n<\/div>","protected":false},"excerpt":{"rendered":"<p>[vc_row full_width=&#8220;stretch_row_content&#8220; css=&#8220;.vc_custom_1552073236945{background-image: url(https:\/\/www.weelzicht.nl\/wp-content\/uploads\/2019\/03\/Heerlijk-ontspannen.jpg?id=2226) !important;background-position: center !important;background-repeat: no-repeat !important;background-size: cover !important;}&#8220; el_class=&#8220;featured-thumbnail-header post ontspanningHeader&#8220;][vc_column][\/vc_column][\/vc_row][vc_row css=&#8220;.vc_custom_1551880915074{margin-top: -130px !important;padding-top: 0px !important;padding-bottom: 0px !important;}&#8220; el_class=&#8220;single-post-header container wider post blogLayoutHeader&#8220;][vc_column][vc_column_text]Ein Urlaub im Buitenplaats Weelzicht [&hellip;]<\/p>\n","protected":false},"author":1,"featured_media":0,"parent":0,"menu_order":0,"comment_status":"closed","ping_status":"closed","template":"","meta":{"_exactmetrics_skip_tracking":false,"_exactmetrics_sitenote_active":false,"_exactmetrics_sitenote_note":"","_exactmetrics_sitenote_category":0,"footnotes":""},"class_list":["post-2955","page","type-page","status-publish","hentry",null],"yoast_head":"<!-- This site is optimized with the Yoast SEO plugin v27.4 - https:\/\/yoast.com\/product\/yoast-seo-wordpress\/ -->\n<title>Entspannen - Buitenplaats Weelzicht<\/title>\n<meta name=\"description\" content=\"Ein Urlaub im Buitenplaats Weelzicht ist erst mit einer herrlichen Massage oder Mindfulness-Setzung wirklich komplett. Vergessen Sie die Hektik des Alltags.\" \/>\n<meta name=\"robots\" content=\"index, follow, max-snippet:-1, max-image-preview:large, max-video-preview:-1\" \/>\n<link rel=\"canonical\" href=\"https:\/\/www.weelzicht.nl\/de\/entspannen\/\" \/>\n<meta property=\"og:locale\" content=\"de_DE\" \/>\n<meta property=\"og:type\" content=\"article\" \/>\n<meta property=\"og:title\" content=\"Entspannen - Buitenplaats Weelzicht\" \/>\n<meta property=\"og:description\" content=\"Ein Urlaub im Buitenplaats Weelzicht ist erst mit einer herrlichen Massage oder Mindfulness-Setzung wirklich komplett. Vergessen Sie die Hektik des Alltags.\" \/>\n<meta property=\"og:url\" content=\"https:\/\/www.weelzicht.nl\/de\/entspannen\/\" \/>\n<meta property=\"og:site_name\" content=\"Buitenplaats Weelzicht\" \/>\n<meta property=\"article:publisher\" content=\"https:\/\/www.facebook.com\/Buitenplaats-Weelzicht-2080761748807989\/\" \/>\n<meta property=\"article:modified_time\" content=\"2019-04-01T09:09:10+00:00\" \/>\n<meta name=\"twitter:card\" content=\"summary_large_image\" \/>\n<meta name=\"twitter:label1\" content=\"Gesch\u00e4tzte Lesezeit\" \/>\n\t<meta name=\"twitter:data1\" content=\"2\u00a0Minuten\" \/>\n<script type=\"application\/ld+json\" class=\"yoast-schema-graph\">{\"@context\":\"https:\\\/\\\/schema.org\",\"@graph\":[{\"@type\":\"WebPage\",\"@id\":\"https:\\\/\\\/www.weelzicht.nl\\\/de\\\/entspannen\\\/\",\"url\":\"https:\\\/\\\/www.weelzicht.nl\\\/de\\\/entspannen\\\/\",\"name\":\"Entspannen - Buitenplaats Weelzicht\",\"isPartOf\":{\"@id\":\"https:\\\/\\\/www.weelzicht.nl\\\/#website\"},\"datePublished\":\"2019-03-08T19:21:02+00:00\",\"dateModified\":\"2019-04-01T09:09:10+00:00\",\"description\":\"Ein Urlaub im Buitenplaats Weelzicht ist erst mit einer herrlichen Massage oder Mindfulness-Setzung wirklich komplett. Vergessen Sie die Hektik des Alltags.\",\"breadcrumb\":{\"@id\":\"https:\\\/\\\/www.weelzicht.nl\\\/de\\\/entspannen\\\/#breadcrumb\"},\"inLanguage\":\"de\",\"potentialAction\":[{\"@type\":\"ReadAction\",\"target\":[\"https:\\\/\\\/www.weelzicht.nl\\\/de\\\/entspannen\\\/\"]}]},{\"@type\":\"BreadcrumbList\",\"@id\":\"https:\\\/\\\/www.weelzicht.nl\\\/de\\\/entspannen\\\/#breadcrumb\",\"itemListElement\":[{\"@type\":\"ListItem\",\"position\":1,\"name\":\"Home\",\"item\":\"https:\\\/\\\/www.weelzicht.nl\\\/de\\\/\"},{\"@type\":\"ListItem\",\"position\":2,\"name\":\"Entspannen\"}]},{\"@type\":\"WebSite\",\"@id\":\"https:\\\/\\\/www.weelzicht.nl\\\/#website\",\"url\":\"https:\\\/\\\/www.weelzicht.nl\\\/\",\"name\":\"Buitenplaats Weelzicht\",\"description\":\"\",\"publisher\":{\"@id\":\"https:\\\/\\\/www.weelzicht.nl\\\/#organization\"},\"potentialAction\":[{\"@type\":\"SearchAction\",\"target\":{\"@type\":\"EntryPoint\",\"urlTemplate\":\"https:\\\/\\\/www.weelzicht.nl\\\/?s={search_term_string}\"},\"query-input\":{\"@type\":\"PropertyValueSpecification\",\"valueRequired\":true,\"valueName\":\"search_term_string\"}}],\"inLanguage\":\"de\"},{\"@type\":\"Organization\",\"@id\":\"https:\\\/\\\/www.weelzicht.nl\\\/#organization\",\"name\":\"Buitenplaats Weelzicht\",\"url\":\"https:\\\/\\\/www.weelzicht.nl\\\/\",\"logo\":{\"@type\":\"ImageObject\",\"inLanguage\":\"de\",\"@id\":\"https:\\\/\\\/www.weelzicht.nl\\\/#\\\/schema\\\/logo\\\/image\\\/\",\"url\":\"https:\\\/\\\/www.weelzicht.nl\\\/wp-content\\\/uploads\\\/2019\\\/03\\\/logo_header_retina.png\",\"contentUrl\":\"https:\\\/\\\/www.weelzicht.nl\\\/wp-content\\\/uploads\\\/2019\\\/03\\\/logo_header_retina.png\",\"width\":450,\"height\":166,\"caption\":\"Buitenplaats Weelzicht\"},\"image\":{\"@id\":\"https:\\\/\\\/www.weelzicht.nl\\\/#\\\/schema\\\/logo\\\/image\\\/\"},\"sameAs\":[\"https:\\\/\\\/www.facebook.com\\\/Buitenplaats-Weelzicht-2080761748807989\\\/\"]}]}<\/script>\n<!-- \/ Yoast SEO plugin. -->","yoast_head_json":{"title":"Entspannen - Buitenplaats Weelzicht","description":"Ein Urlaub im Buitenplaats Weelzicht ist erst mit einer herrlichen Massage oder Mindfulness-Setzung wirklich komplett. Vergessen Sie die Hektik des Alltags.","robots":{"index":"index","follow":"follow","max-snippet":"max-snippet:-1","max-image-preview":"max-image-preview:large","max-video-preview":"max-video-preview:-1"},"canonical":"https:\/\/www.weelzicht.nl\/de\/entspannen\/","og_locale":"de_DE","og_type":"article","og_title":"Entspannen - Buitenplaats Weelzicht","og_description":"Ein Urlaub im Buitenplaats Weelzicht ist erst mit einer herrlichen Massage oder Mindfulness-Setzung wirklich komplett. Vergessen Sie die Hektik des Alltags.","og_url":"https:\/\/www.weelzicht.nl\/de\/entspannen\/","og_site_name":"Buitenplaats Weelzicht","article_publisher":"https:\/\/www.facebook.com\/Buitenplaats-Weelzicht-2080761748807989\/","article_modified_time":"2019-04-01T09:09:10+00:00","twitter_card":"summary_large_image","twitter_misc":{"Gesch\u00e4tzte Lesezeit":"2\u00a0Minuten"},"schema":{"@context":"https:\/\/schema.org","@graph":[{"@type":"WebPage","@id":"https:\/\/www.weelzicht.nl\/de\/entspannen\/","url":"https:\/\/www.weelzicht.nl\/de\/entspannen\/","name":"Entspannen - Buitenplaats Weelzicht","isPartOf":{"@id":"https:\/\/www.weelzicht.nl\/#website"},"datePublished":"2019-03-08T19:21:02+00:00","dateModified":"2019-04-01T09:09:10+00:00","description":"Ein Urlaub im Buitenplaats Weelzicht ist erst mit einer herrlichen Massage oder Mindfulness-Setzung wirklich komplett. Vergessen Sie die Hektik des Alltags.","breadcrumb":{"@id":"https:\/\/www.weelzicht.nl\/de\/entspannen\/#breadcrumb"},"inLanguage":"de","potentialAction":[{"@type":"ReadAction","target":["https:\/\/www.weelzicht.nl\/de\/entspannen\/"]}]},{"@type":"BreadcrumbList","@id":"https:\/\/www.weelzicht.nl\/de\/entspannen\/#breadcrumb","itemListElement":[{"@type":"ListItem","position":1,"name":"Home","item":"https:\/\/www.weelzicht.nl\/de\/"},{"@type":"ListItem","position":2,"name":"Entspannen"}]},{"@type":"WebSite","@id":"https:\/\/www.weelzicht.nl\/#website","url":"https:\/\/www.weelzicht.nl\/","name":"Buitenplaats Weelzicht","description":"","publisher":{"@id":"https:\/\/www.weelzicht.nl\/#organization"},"potentialAction":[{"@type":"SearchAction","target":{"@type":"EntryPoint","urlTemplate":"https:\/\/www.weelzicht.nl\/?s={search_term_string}"},"query-input":{"@type":"PropertyValueSpecification","valueRequired":true,"valueName":"search_term_string"}}],"inLanguage":"de"},{"@type":"Organization","@id":"https:\/\/www.weelzicht.nl\/#organization","name":"Buitenplaats Weelzicht","url":"https:\/\/www.weelzicht.nl\/","logo":{"@type":"ImageObject","inLanguage":"de","@id":"https:\/\/www.weelzicht.nl\/#\/schema\/logo\/image\/","url":"https:\/\/www.weelzicht.nl\/wp-content\/uploads\/2019\/03\/logo_header_retina.png","contentUrl":"https:\/\/www.weelzicht.nl\/wp-content\/uploads\/2019\/03\/logo_header_retina.png","width":450,"height":166,"caption":"Buitenplaats Weelzicht"},"image":{"@id":"https:\/\/www.weelzicht.nl\/#\/schema\/logo\/image\/"},"sameAs":["https:\/\/www.facebook.com\/Buitenplaats-Weelzicht-2080761748807989\/"]}]}},"_links":{"self":[{"href":"https:\/\/www.weelzicht.nl\/de\/wp-json\/wp\/v2\/pages\/2955","targetHints":{"allow":["GET"]}}],"collection":[{"href":"https:\/\/www.weelzicht.nl\/de\/wp-json\/wp\/v2\/pages"}],"about":[{"href":"https:\/\/www.weelzicht.nl\/de\/wp-json\/wp\/v2\/types\/page"}],"author":[{"embeddable":true,"href":"https:\/\/www.weelzicht.nl\/de\/wp-json\/wp\/v2\/users\/1"}],"replies":[{"embeddable":true,"href":"https:\/\/www.weelzicht.nl\/de\/wp-json\/wp\/v2\/comments?post=2955"}],"version-history":[{"count":5,"href":"https:\/\/www.weelzicht.nl\/de\/wp-json\/wp\/v2\/pages\/2955\/revisions"}],"predecessor-version":[{"id":3150,"href":"https:\/\/www.weelzicht.nl\/de\/wp-json\/wp\/v2\/pages\/2955\/revisions\/3150"}],"wp:attachment":[{"href":"https:\/\/www.weelzicht.nl\/de\/wp-json\/wp\/v2\/media?parent=2955"}],"curies":[{"name":"wp","href":"https:\/\/api.w.org\/{rel}","templated":true}]}}